{"id":7,"date":"2020-04-17T10:08:42","date_gmt":"2020-04-17T10:08:42","guid":{"rendered":"http:\/\/demo22.wpengineers.com\/courses\/"},"modified":"2020-05-01T14:50:11","modified_gmt":"2020-05-01T14:50:11","slug":"courses","status":"publish","type":"page","link":"https:\/\/academy.softparis.com\/it\/courses\/","title":{"rendered":"Italian course"},"content":{"rendered":"<div class=\"llms-loop\">\n\t<ul class=\"llms-loop-list llms-course-list cols-3 llms-tablet-cols-2 llms-mobile-cols-1\">\n<li class=\"llms-loop-item post-241 course type-course status-publish has-post-thumbnail hentry ast-col-sm-12 ast-article-post not-enrolled is-complete\">\n\t<div class=\"llms-loop-item-content\">\n\n\t<a class=\"llms-loop-link\" href=\"https:\/\/academy.softparis.com\/it\/course\/francais-devenir-love-coach\/\">\n\t<img src=\"https:\/\/academy.softparis.com\/wp-content\/uploads\/2020\/04\/Screen-Shot-2020-04-24-at-10.15.00.png\" alt=\"(Fran\u00e7ais) Ah oui ! Devenir Love Coach\" class=\"llms-featured-image wp-post-image\">\n\t<h4 class=\"llms-loop-title\">(Fran\u00e7ais) Ah oui ! Devenir Love Coach<\/h4>\n\n\t<footer class=\"llms-loop-item-footer\">\n\t\t\t<div class=\"llms-author\">\n\t\t<img alt='admin' src='https:\/\/secure.gravatar.com\/avatar\/96075ca68ceca64562b32e2991b1d7a0?s=28&#038;d=mm&#038;r=g' srcset='https:\/\/secure.gravatar.com\/avatar\/96075ca68ceca64562b32e2991b1d7a0?s=56&#038;d=mm&#038;r=g 2x' class='avatar avatar-28 photo' height='28' width='28' loading='lazy'\/>\t\t<span class=\"llms-author-info name\">admin<\/span>\n\t\t\t\t\t<\/div>\n\t\n<div class=\"llms-meta llms-course-length\">\n\t<p>Estimated Time: <span class=\"length\">7 jours<\/span><\/p>\n<\/div>\n\n\t<\/footer>\n\n\t<\/a><!-- .llms-loop-link -->\n\t<\/div><!-- .llms-loop-item-content -->\n<\/li><!-- .llms-loop-item -->\n<li class=\"llms-loop-item post-1433 course type-course status-publish has-post-thumbnail hentry ast-col-sm-12 ast-article-post not-enrolled is-complete\">\n\t<div class=\"llms-loop-item-content\">\n\n\t<a class=\"llms-loop-link\" href=\"https:\/\/academy.softparis.com\/it\/course\/francais-laide-en-ligne\/\">\n\t<img src=\"https:\/\/academy.softparis.com\/wp-content\/uploads\/2022\/12\/Capture-de\u0301cran-2022-12-02-a\u0300-17.27.09.png\" alt=\"(Fran\u00e7ais) L&#8217;AIDE EN LIGNE\" class=\"llms-featured-image wp-post-image\">\n\t<h4 class=\"llms-loop-title\">(Fran\u00e7ais) L&#8217;AIDE EN LIGNE<\/h4>\n\n\t<footer class=\"llms-loop-item-footer\">\n\t\t\t<div class=\"llms-author\">\n\t\t<img alt='admin' src='https:\/\/secure.gravatar.com\/avatar\/96075ca68ceca64562b32e2991b1d7a0?s=28&#038;d=mm&#038;r=g' srcset='https:\/\/secure.gravatar.com\/avatar\/96075ca68ceca64562b32e2991b1d7a0?s=56&#038;d=mm&#038;r=g 2x' class='avatar avatar-28 photo' height='28' width='28' loading='lazy'\/>\t\t<span class=\"llms-author-info name\">admin<\/span>\n\t\t\t\t\t<\/div>\n\t\t<\/footer>\n\n\t<\/a><!-- .llms-loop-link -->\n\t<\/div><!-- .llms-loop-item-content -->\n<\/li><!-- .llms-loop-item -->\n<li class=\"llms-loop-item post-1387 course type-course status-publish hentry ast-col-sm-12 ast-article-post not-enrolled is-complete\">\n\t<div class=\"llms-loop-item-content\">\n\n\t<a class=\"llms-loop-link\" href=\"https:\/\/academy.softparis.com\/it\/course\/francais-les-lcp\/\">\n\t<img src=\"https:\/\/academy.softparis.com\/wp-content\/plugins\/lifterlms\/assets\/images\/placeholder.png\" alt=\"placeholder\" class=\"llms-placeholder llms-featured-image wp-post-image\" \/>\n\t<h4 class=\"llms-loop-title\">(Fran\u00e7ais) LES LCP<\/h4>\n\n\t<footer class=\"llms-loop-item-footer\">\n\t\t\t<div class=\"llms-author\">\n\t\t<img alt='admin' src='https:\/\/secure.gravatar.com\/avatar\/96075ca68ceca64562b32e2991b1d7a0?s=28&#038;d=mm&#038;r=g' srcset='https:\/\/secure.gravatar.com\/avatar\/96075ca68ceca64562b32e2991b1d7a0?s=56&#038;d=mm&#038;r=g 2x' class='avatar avatar-28 photo' height='28' width='28' loading='lazy'\/>\t\t<span class=\"llms-author-info name\">admin<\/span>\n\t\t\t\t\t<\/div>\n\t\t<\/footer>\n\n\t<\/a><!-- .llms-loop-link -->\n\t<\/div><!-- .llms-loop-item-content -->\n<\/li><!-- .llms-loop-item -->\n<li class=\"llms-loop-item post-1391 course type-course status-publish has-post-thumbnail hentry ast-col-sm-12 ast-article-post not-enrolled is-complete\">\n\t<div class=\"llms-loop-item-content\">\n\n\t<a class=\"llms-loop-link\" href=\"https:\/\/academy.softparis.com\/it\/course\/francais-les-fiches-produits\/\">\n\t<img src=\"https:\/\/academy.softparis.com\/wp-content\/uploads\/2022\/12\/Capture-de\u0301cran-2022-12-08-a\u0300-16.30.11.png\" alt=\"(Fran\u00e7ais) les produits\" class=\"llms-featured-image wp-post-image\">\n\t<h4 class=\"llms-loop-title\">(Fran\u00e7ais) les produits<\/h4>\n\n\t<footer class=\"llms-loop-item-footer\">\n\t\t\t<div class=\"llms-author\">\n\t\t<img alt='admin' src='https:\/\/secure.gravatar.com\/avatar\/96075ca68ceca64562b32e2991b1d7a0?s=28&#038;d=mm&#038;r=g' srcset='https:\/\/secure.gravatar.com\/avatar\/96075ca68ceca64562b32e2991b1d7a0?s=56&#038;d=mm&#038;r=g 2x' class='avatar avatar-28 photo' height='28' width='28' loading='lazy'\/>\t\t<span class=\"llms-author-info name\">admin<\/span>\n\t\t\t\t\t<\/div>\n\t\t<\/footer>\n\n\t<\/a><!-- .llms-loop-link -->\n\t<\/div><!-- .llms-loop-item-content -->\n<\/li><!-- .llms-loop-item -->\n<li class=\"llms-loop-item post-1385 course type-course status-publish has-post-thumbnail hentry ast-col-sm-12 ast-article-post not-enrolled is-complete\">\n\t<div class=\"llms-loop-item-content\">\n\n\t<a class=\"llms-loop-link\" href=\"https:\/\/academy.softparis.com\/it\/course\/francais-les-reseaux-sociaux\/\">\n\t<img src=\"https:\/\/academy.softparis.com\/wp-content\/uploads\/2022\/12\/Capture-de\u0301cran-2022-12-08-a\u0300-16.21.39.png\" alt=\"(Fran\u00e7ais) LES R\u00c9SEAUX SOCIAUX\" class=\"llms-featured-image wp-post-image\">\n\t<h4 class=\"llms-loop-title\">(Fran\u00e7ais) LES R\u00c9SEAUX SOCIAUX<\/h4>\n\n\t<footer class=\"llms-loop-item-footer\">\n\t\t\t<div class=\"llms-author\">\n\t\t<img alt='admin' src='https:\/\/secure.gravatar.com\/avatar\/96075ca68ceca64562b32e2991b1d7a0?s=28&#038;d=mm&#038;r=g' srcset='https:\/\/secure.gravatar.com\/avatar\/96075ca68ceca64562b32e2991b1d7a0?s=56&#038;d=mm&#038;r=g 2x' class='avatar avatar-28 photo' height='28' width='28' loading='lazy'\/>\t\t<span class=\"llms-author-info name\">admin<\/span>\n\t\t\t\t\t<\/div>\n\t\t<\/footer>\n\n\t<\/a><!-- .llms-loop-link -->\n\t<\/div><!-- .llms-loop-item-content -->\n<\/li><!-- .llms-loop-item -->\n<li class=\"llms-loop-item post-1389 course type-course status-publish hentry ast-col-sm-12 ast-article-post not-enrolled is-complete\">\n\t<div class=\"llms-loop-item-content\">\n\n\t<a class=\"llms-loop-link\" href=\"https:\/\/academy.softparis.com\/it\/course\/francais-les-reunions\/\">\n\t<img src=\"https:\/\/academy.softparis.com\/wp-content\/plugins\/lifterlms\/assets\/images\/placeholder.png\" alt=\"placeholder\" class=\"llms-placeholder llms-featured-image wp-post-image\" \/>\n\t<h4 class=\"llms-loop-title\">(Fran\u00e7ais) LES REUNIONS<\/h4>\n\n\t<footer class=\"llms-loop-item-footer\">\n\t\t\t<div class=\"llms-author\">\n\t\t<img alt='admin' src='https:\/\/secure.gravatar.com\/avatar\/96075ca68ceca64562b32e2991b1d7a0?s=28&#038;d=mm&#038;r=g' srcset='https:\/\/secure.gravatar.com\/avatar\/96075ca68ceca64562b32e2991b1d7a0?s=56&#038;d=mm&#038;r=g 2x' class='avatar avatar-28 photo' height='28' width='28' loading='lazy'\/>\t\t<span class=\"llms-author-info name\">admin<\/span>\n\t\t\t\t\t<\/div>\n\t\t<\/footer>\n\n\t<\/a><!-- .llms-loop-link -->\n\t<\/div><!-- .llms-loop-item-content -->\n<\/li><!-- .llms-loop-item -->\n\t<\/ul>\n<\/div><!-- .llms-loop -->\n\n","protected":false},"excerpt":{"rendered":"<p>Course Information Course Instructor admin Author Pilier 1 : Dater des r\u00e9unions 1 of 4 Pourquoi c&#8217;est important? 2 of 4 Les astuces du chef 3 of 4 O\u00f9, quand, comment dater 4 of 4 Quel discours tenir? Pilier 2 : Pr\u00e9paration h\u00f4tesse 1 of 5 Pourquoi c&#8217;est important? 2 of 5 Les astuces du &hellip;<\/p>\n<p class=\"read-more\"> <a class=\"\" href=\"https:\/\/academy.softparis.com\/it\/course\/francais-les-reunions\/\"> <span class=\"screen-reader-text\">(Fran\u00e7ais) LES REUNIONS<\/span> Read More &raquo;<\/a><\/p>\n","protected":false},"author":1,"featured_media":0,"parent":0,"menu_order":0,"comment_status":"closed","ping_status":"closed","template":"","meta":[],"_links":{"self":[{"href":"https:\/\/academy.softparis.com\/it\/wp-json\/wp\/v2\/pages\/7"}],"collection":[{"href":"https:\/\/academy.softparis.com\/it\/wp-json\/wp\/v2\/pages"}],"about":[{"href":"https:\/\/academy.softparis.com\/it\/wp-json\/wp\/v2\/types\/page"}],"author":[{"embeddable":true,"href":"https:\/\/academy.softparis.com\/it\/wp-json\/wp\/v2\/users\/1"}],"replies":[{"embeddable":true,"href":"https:\/\/academy.softparis.com\/it\/wp-json\/wp\/v2\/comments?post=7"}],"version-history":[{"count":10,"href":"https:\/\/academy.softparis.com\/it\/wp-json\/wp\/v2\/pages\/7\/revisions"}],"predecessor-version":[{"id":395,"href":"https:\/\/academy.softparis.com\/it\/wp-json\/wp\/v2\/pages\/7\/revisions\/395"}],"wp:attachment":[{"href":"https:\/\/academy.softparis.com\/it\/wp-json\/wp\/v2\/media?parent=7"}],"curies":[{"name":"wp","href":"https:\/\/api.w.org\/{rel}","templated":true}]}}